{"id":195,"date":"2011-09-28T19:35:02","date_gmt":"2011-09-28T18:35:02","guid":{"rendered":"http:\/\/www.kriesi.at\/themes\/HO3\/?page_id=10"},"modified":"2024-06-20T13:24:20","modified_gmt":"2024-06-20T12:24:20","slug":"contact","status":"publish","type":"page","link":"https:\/\/ho3innenarchitekten.de\/?page_id=195","title":{"rendered":"KONTAKT"},"content":{"rendered":"<p>HO<sub>3<\/sub><br \/>\nH\u00e4usler Ortmann<br \/>\nInnenarchitekten<br \/>\nAuberlenstra\u00dfe 13<br \/>\n70736 Fellbach<br \/>\nFax +49 711 5005218<br \/>\n<a style=\"color: #5a5a5a;\" href=\"mailto:office@ho3-innenarchitekten.de\">office@ho3-innenarchitekten.de<\/a><\/p>\n<p>Dipl.Ing.(FH) Beatrice H\u00e4usler<br \/>\nTel +49 1522 160 13 66<br \/>\n<a style=\"color: #5a5a5a;\" href=\"mailto:b.haeusler@ho3innenarchitekten.de\">b.haeusler@ho3innenarchitekten.de<\/a><\/p>\n<p>Dipl. Ing. Elisabeth Ortmann<br \/>\nTel +49 1522 877 56 47<br \/>\n<a style=\"color: #5a5a5a;\" href=\"mailto:e.ortmann@ho3innenarchitekten.de\">e.ortmann@ho3innenarchitekten.de<\/a><\/p>\n","protected":false},"excerpt":{"rendered":"<p>HO3 H\u00e4usler Ortmann Innenarchitekten Auberlenstra\u00dfe 13 70736 Fellbach Fax +49 711 5005218 office@ho3-innenarchitekten.de Dipl.Ing.(FH) Beatrice H\u00e4usler Tel +49 1522 160 13 66 b.haeusler@ho3innenarchitekten.de Dipl. Ing. Elisabeth Ortmann Tel +49 1522 877 56 47 e.ortmann@ho3innenarchitekten.de<\/p>\n","protected":false},"author":1,"featured_media":868,"parent":0,"menu_order":0,"comment_status":"open","ping_status":"closed","template":"","meta":{"footnotes":""},"class_list":["post-195","page","type-page","status-publish","has-post-thumbnail","hentry"],"_links":{"self":[{"href":"https:\/\/ho3innenarchitekten.de\/index.php?rest_route=\/wp\/v2\/pages\/195","targetHints":{"allow":["GET"]}}],"collection":[{"href":"https:\/\/ho3innenarchitekten.de\/index.php?rest_route=\/wp\/v2\/pages"}],"about":[{"href":"https:\/\/ho3innenarchitekten.de\/index.php?rest_route=\/wp\/v2\/types\/page"}],"author":[{"embeddable":true,"href":"https:\/\/ho3innenarchitekten.de\/index.php?rest_route=\/wp\/v2\/users\/1"}],"replies":[{"embeddable":true,"href":"https:\/\/ho3innenarchitekten.de\/index.php?rest_route=%2Fwp%2Fv2%2Fcomments&post=195"}],"version-history":[{"count":42,"href":"https:\/\/ho3innenarchitekten.de\/index.php?rest_route=\/wp\/v2\/pages\/195\/revisions"}],"predecessor-version":[{"id":937,"href":"https:\/\/ho3innenarchitekten.de\/index.php?rest_route=\/wp\/v2\/pages\/195\/revisions\/937"}],"wp:featuredmedia":[{"embeddable":true,"href":"https:\/\/ho3innenarchitekten.de\/index.php?rest_route=\/wp\/v2\/media\/868"}],"wp:attachment":[{"href":"https:\/\/ho3innenarchitekten.de\/index.php?rest_route=%2Fwp%2Fv2%2Fmedia&parent=195"}],"curies":[{"name":"wp","href":"https:\/\/api.w.org\/{rel}","templated":true}]}}