{"id":227,"date":"2011-11-18T10:26:58","date_gmt":"2011-11-18T10:26:58","guid":{"rendered":"http:\/\/ho3innenarchitekten.de\/?page_id=227"},"modified":"2024-06-20T13:49:37","modified_gmt":"2024-06-20T12:49:37","slug":"das-buro","status":"publish","type":"page","link":"https:\/\/ho3innenarchitekten.de\/?page_id=227","title":{"rendered":"B\u00dcRO"},"content":{"rendered":"\n<p>Seit 1995 gestalten Beatrice H\u00e4usler und Elisabeth Ortmann gemeinsam R\u00e4ume in allen Bereichen der Innenarchitektur.<br> Mit dem Umzug nach Stuttgart Bad Cannstatt\u00a0in eine von uns sanierte und umgebaute ehemalige Metallwerkstatt firmieren wir seit 1999 unter HO\u00b3 H\u00e4usler Ortmann Innenarchitekten.<br> Im intensiven Austausch mit ihnen wird am Anfang unsere Aufgabe genau definiert, egal ob es sich um eine kleine Sanierung oder ein gro\u00dfes Bauprojekt handelt.<br> Mit viel Kreativit\u00e4t und gro\u00dfer fachlicher Kompetenz entwickeln wir aus unseren Ideen L\u00f6sungsans\u00e4tze, bei denen ihre Vorstellungen unter Ber\u00fccksichtigung von Standort, Wirtschaftlichkeit und dem Zusammenspiel der Spezialbereiche zu einem r\u00e4umlichen Gesamtkonzept umgewandelt werden.<br> In der Zusammenarbeit mit kompetenten Fachplanern und ausgew\u00e4hlten Handwerkern entsteht f\u00fcr sie ein Innenraum, der technisch bis ins kleinste Detail geplant und mit Hingabe und Freude umgesetzt wird, damit sich dort Menschen wohlf\u00fchlen, leben und konzentriert arbeiten k\u00f6nnen.<br> Wir koordinieren, integrieren und kontrollieren alle am Bau beteiligten, um eine durchg\u00e4ngig hohe Qualit\u00e4t der Ausf\u00fchrung vom Entwurf bis zur Fertigstellung sicherzustellen.<br> Bei allen Entscheidungen beraten wir sie, um mit ihnen gemeinsam das optimale Ergebnis zu erreichen. Sicherheit im Kostenmanagement und termingerechte Bauabwicklung sind dabei selbstverst\u00e4ndlich.<\/p>\n\n\n\n<p>Beatrice H\u00e4usler&nbsp;&nbsp; Elisabeth Ortmann<\/p>\n","protected":false},"excerpt":{"rendered":"<p>Seit 1995 gestalten Beatrice H\u00e4usler und Elisabeth Ortmann gemeinsam R\u00e4ume in allen Bereichen der Innenarchitektur. Mit dem Umzug nach Stuttgart Bad Cannstatt\u00a0in eine von uns sanierte und umgebaute ehemalige Metallwerkstatt firmieren wir seit 1999 unter HO\u00b3 H\u00e4usler Ortmann Innenarchitekten. Im intensiven Austausch mit ihnen wird am Anfang unsere Aufgabe genau definiert, egal ob es sich [&hellip;]<\/p>\n","protected":false},"author":1,"featured_media":652,"parent":0,"menu_order":0,"comment_status":"open","ping_status":"open","template":"","meta":{"footnotes":""},"class_list":["post-227","page","type-page","status-publish","has-post-thumbnail","hentry"],"_links":{"self":[{"href":"https:\/\/ho3innenarchitekten.de\/index.php?rest_route=\/wp\/v2\/pages\/227","targetHints":{"allow":["GET"]}}],"collection":[{"href":"https:\/\/ho3innenarchitekten.de\/index.php?rest_route=\/wp\/v2\/pages"}],"about":[{"href":"https:\/\/ho3innenarchitekten.de\/index.php?rest_route=\/wp\/v2\/types\/page"}],"author":[{"embeddable":true,"href":"https:\/\/ho3innenarchitekten.de\/index.php?rest_route=\/wp\/v2\/users\/1"}],"replies":[{"embeddable":true,"href":"https:\/\/ho3innenarchitekten.de\/index.php?rest_route=%2Fwp%2Fv2%2Fcomments&post=227"}],"version-history":[{"count":55,"href":"https:\/\/ho3innenarchitekten.de\/index.php?rest_route=\/wp\/v2\/pages\/227\/revisions"}],"predecessor-version":[{"id":943,"href":"https:\/\/ho3innenarchitekten.de\/index.php?rest_route=\/wp\/v2\/pages\/227\/revisions\/943"}],"wp:featuredmedia":[{"embeddable":true,"href":"https:\/\/ho3innenarchitekten.de\/index.php?rest_route=\/wp\/v2\/media\/652"}],"wp:attachment":[{"href":"https:\/\/ho3innenarchitekten.de\/index.php?rest_route=%2Fwp%2Fv2%2Fmedia&parent=227"}],"curies":[{"name":"wp","href":"https:\/\/api.w.org\/{rel}","templated":true}]}}